{"id":31,"date":"2016-07-19T21:27:06","date_gmt":"2016-07-19T21:27:06","guid":{"rendered":"http:\/\/totaltheme.wpengine.com\/landscaping\/?page_id=31"},"modified":"2021-08-24T07:22:45","modified_gmt":"2021-08-24T07:22:45","slug":"markalarimiz","status":"publish","type":"page","link":"https:\/\/www.gulcek.com\/en\/markalarimiz\/","title":{"rendered":"BRANDS"},"content":{"rendered":"<div class=\"vc_row wpb_row vc_row-fluid vc_custom_1491183060021 vc_column-gap-30\"><div class=\"wpb_column vc_column_container vc_col-sm-6\"><div class=\"vc_column-inner\"><div class=\"wpb_wrapper\">\n\t<div  class=\"wpb_single_image wpb_content_element vc_align_center\">\n\t\t\n\t\t<figure class=\"wpb_wrapper vc_figure\">\n\t\t\t<div class=\"vc_single_image-wrapper   vc_box_border_grey\"><img loading=\"lazy\" decoding=\"async\" class=\"vc_single_image-img\" src=\"https:\/\/www.gulcek.com\/wp-content\/uploads\/2021\/03\/cihan.png\" width=\"320\" height=\"320\" alt=\"cihan\" title=\"cihan\" \/><\/div>\n\t\t<\/figure>\n\t<\/div>\n<div class=\"vcex-spacing wpex-w-100 wpex-clear\" style=\"height:20px\"><\/div><div class=\"vcex-module vcex-heading wpex-text-2xl wpex-font-normal wpex-m-auto wpex-max-w-100 vcex-heading-plain wpex-block wpex-text-center\" style=\"color:#275304;font-size:21px;font-weight:700;\"><span class=\"vcex-heading-inner wpex-inline-block wpex-clr\">Cihan Ay\u00e7ekirdek<\/span><\/div><div class=\"vcex-module vcex-divider-dots wpex-mr-auto wpex-ml-auto textcenter\"><span class=\"wpex-inline-block wpex-round wpex-bg-accent wpex-mr-10\"><\/span><span class=\"wpex-inline-block wpex-round wpex-bg-accent wpex-mr-10\"><\/span><span class=\"wpex-inline-block wpex-round wpex-bg-accent wpex-mr-10\"><\/span><\/div>\n\t<div class=\"wpb_text_column wpb_content_element\" >\n\t\t<div class=\"wpb_wrapper\">\n\t\t\t<p>Our brand of packaged and bulk sunflower seeds and pumpkin seeds, Cihan sunflower seeds, meet the consumers with our widespread dealer network all over Turkey today.<\/p>\n\n\t\t<\/div>\n\t<\/div>\n<\/div><\/div><\/div><div class=\"wpb_column vc_column_container vc_col-sm-6\"><div class=\"vc_column-inner\"><div class=\"wpb_wrapper\">\n\t<div  class=\"wpb_single_image wpb_content_element vc_align_center\">\n\t\t\n\t\t<figure class=\"wpb_wrapper vc_figure\">\n\t\t\t<div class=\"vc_single_image-wrapper   vc_box_border_grey\"><img loading=\"lazy\" decoding=\"async\" class=\"vc_single_image-img\" src=\"https:\/\/www.gulcek.com\/wp-content\/uploads\/2021\/03\/fistik.png\" width=\"320\" height=\"320\" alt=\"f\u0131st\u0131k\" title=\"f\u0131st\u0131k\" \/><\/div>\n\t\t<\/figure>\n\t<\/div>\n<div class=\"vcex-spacing wpex-w-100 wpex-clear\" style=\"height:20px\"><\/div><div class=\"vcex-module vcex-heading wpex-text-2xl wpex-font-normal wpex-m-auto wpex-max-w-100 vcex-heading-plain wpex-block wpex-text-center\" style=\"color:#275304;font-size:21px;font-weight:700;\"><span class=\"vcex-heading-inner wpex-inline-block wpex-clr\">F\u0131st\u0131k At\u00f6lyesi<\/span><\/div><div class=\"vcex-module vcex-divider-dots wpex-mr-auto wpex-ml-auto textcenter\"><span class=\"wpex-inline-block wpex-round wpex-bg-accent wpex-mr-10\"><\/span><span class=\"wpex-inline-block wpex-round wpex-bg-accent wpex-mr-10\"><\/span><span class=\"wpex-inline-block wpex-round wpex-bg-accent wpex-mr-10\"><\/span><\/div>\n\t<div class=\"wpb_text_column wpb_content_element\" >\n\t\t<div class=\"wpb_wrapper\">\n\t\t\t<p>F\u0131st\u0131k At\u00f6lyesi, we produce both salted pistachios and raw and roasted pistachios.<\/p>\n\n\t\t<\/div>\n\t<\/div>\n<\/div><\/div><\/div><\/div>","protected":false},"excerpt":{"rendered":"Cihan Ay\u00e7ekirdek Paketli ve d\u00f6kme ay\u00e7ekirde\u011fi ve kabak\u00e7ekird\u011fi markam\u0131z olan cihan ay\u00e7ekirdek bug\u00fcn t\u00fcrkiyenin d\u00f6rt bir yan\u0131ndaki yayg\u0131n bayii a\u011f\u0131m\u0131zla t\u00fcketiciyle bulu\u015fmaktad\u0131r. F\u0131st\u0131k At\u00f6lyesi F\u0131st\u0131k At\u00f6lyesi olarak hem tuzlu antep f\u0131st\u0131\u011f\u0131 hem de \u00e7i\u011f ve kavrulmu\u015f i\u00e7 antep f\u0131st\u0131\u011f\u0131 olarak&hellip;","protected":false},"author":1,"featured_media":0,"parent":0,"menu_order":0,"comment_status":"closed","ping_status":"closed","template":"","meta":{"footnotes":""},"class_list":["post-31","page","type-page","status-publish","hentry","entry","no-media"],"_links":{"self":[{"href":"https:\/\/www.gulcek.com\/en\/wp-json\/wp\/v2\/pages\/31","targetHints":{"allow":["GET"]}}],"collection":[{"href":"https:\/\/www.gulcek.com\/en\/wp-json\/wp\/v2\/pages"}],"about":[{"href":"https:\/\/www.gulcek.com\/en\/wp-json\/wp\/v2\/types\/page"}],"author":[{"embeddable":true,"href":"https:\/\/www.gulcek.com\/en\/wp-json\/wp\/v2\/users\/1"}],"replies":[{"embeddable":true,"href":"https:\/\/www.gulcek.com\/en\/wp-json\/wp\/v2\/comments?post=31"}],"version-history":[{"count":14,"href":"https:\/\/www.gulcek.com\/en\/wp-json\/wp\/v2\/pages\/31\/revisions"}],"predecessor-version":[{"id":617,"href":"https:\/\/www.gulcek.com\/en\/wp-json\/wp\/v2\/pages\/31\/revisions\/617"}],"wp:attachment":[{"href":"https:\/\/www.gulcek.com\/en\/wp-json\/wp\/v2\/media?parent=31"}],"curies":[{"name":"wp","href":"https:\/\/api.w.org\/{rel}","templated":true}]}}