{"id":562,"date":"2021-08-02T11:32:14","date_gmt":"2021-08-02T11:32:14","guid":{"rendered":"http:\/\/www.monzix.xyz\/?page_id=562"},"modified":"2021-08-24T07:25:01","modified_gmt":"2021-08-24T07:25:01","slug":"urunlerimiz","status":"publish","type":"page","link":"https:\/\/www.gulcek.com\/en\/urunlerimiz\/","title":{"rendered":"OUR PRODUCTS"},"content":{"rendered":"<div class=\"vc_row wpb_row vc_row-fluid vc_custom_1491183060021 vc_column-gap-30\"><div class=\"wpb_column vc_column_container vc_col-sm-6\"><div class=\"vc_column-inner\"><div class=\"wpb_wrapper\">\n\t<div  class=\"wpb_single_image wpb_content_element vc_align_center\">\n\t\t\n\t\t<figure class=\"wpb_wrapper vc_figure\">\n\t\t\t<div class=\"vc_single_image-wrapper   vc_box_border_grey\"><img loading=\"lazy\" decoding=\"async\" class=\"vc_single_image-img\" src=\"https:\/\/www.gulcek.com\/wp-content\/uploads\/2021\/08\/322665376-cihan-antep-fistigi-min-300x300.png\" width=\"300\" height=\"300\" alt=\"322665376-cihan-antep-fistigi-min\" title=\"322665376-cihan-antep-fistigi-min\" \/><\/div>\n\t\t<\/figure>\n\t<\/div>\n<div class=\"vcex-spacing wpex-w-100 wpex-clear\" style=\"height:20px\"><\/div><div class=\"vcex-module vcex-heading wpex-text-2xl wpex-font-normal wpex-m-auto wpex-max-w-100 vcex-heading-plain wpex-block wpex-text-center\" style=\"color:#275304;font-size:21px;font-weight:700;\"><span class=\"vcex-heading-inner wpex-inline-block wpex-clr\">Cihan Ay\u00e7ekirdek Pistachios<\/span><\/div><\/div><\/div><\/div><div class=\"wpb_column vc_column_container vc_col-sm-6\"><div class=\"vc_column-inner\"><div class=\"wpb_wrapper\">\n\t<div  class=\"wpb_single_image wpb_content_element vc_align_center\">\n\t\t\n\t\t<figure class=\"wpb_wrapper vc_figure\">\n\t\t\t<div class=\"vc_single_image-wrapper   vc_box_border_grey\"><img loading=\"lazy\" decoding=\"async\" class=\"vc_single_image-img\" src=\"https:\/\/www.gulcek.com\/wp-content\/uploads\/2021\/08\/322665379-cihan-aycekirdegi-paket-min-300x300.png\" width=\"300\" height=\"300\" alt=\"322665379-cihan-aycekirdegi-paket-min\" title=\"322665379-cihan-aycekirdegi-paket-min\" \/><\/div>\n\t\t<\/figure>\n\t<\/div>\n<div class=\"vcex-spacing wpex-w-100 wpex-clear\" style=\"height:20px\"><\/div><div class=\"vcex-module vcex-heading wpex-text-2xl wpex-font-normal wpex-m-auto wpex-max-w-100 vcex-heading-plain wpex-block wpex-text-center\" style=\"color:#275304;font-size:21px;font-weight:700;\"><span class=\"vcex-heading-inner wpex-inline-block wpex-clr\">Cihan Ay\u00e7ekirdek<\/span><\/div><\/div><\/div><\/div><\/div><div class=\"vc_row wpb_row vc_row-fluid vc_custom_1491183060021 vc_column-gap-30\"><div class=\"wpb_column vc_column_container vc_col-sm-6\"><div class=\"vc_column-inner\"><div class=\"wpb_wrapper\">\n\t<div  class=\"wpb_single_image wpb_content_element vc_align_center\">\n\t\t\n\t\t<figure class=\"wpb_wrapper vc_figure\">\n\t\t\t<div class=\"vc_single_image-wrapper   vc_box_border_grey\"><img loading=\"lazy\" decoding=\"async\" class=\"vc_single_image-img\" src=\"https:\/\/www.gulcek.com\/wp-content\/uploads\/2021\/08\/322665384-cihan-aycekirdek-10-kg-min-300x300.png\" width=\"300\" height=\"300\" alt=\"322665384-cihan-aycekirdek-10-kg-min\" title=\"322665384-cihan-aycekirdek-10-kg-min\" \/><\/div>\n\t\t<\/figure>\n\t<\/div>\n<div class=\"vcex-spacing wpex-w-100 wpex-clear\" style=\"height:20px\"><\/div><div class=\"vcex-module vcex-heading wpex-text-2xl wpex-font-normal wpex-m-auto wpex-max-w-100 vcex-heading-plain wpex-block wpex-text-center\" style=\"color:#275304;font-size:21px;font-weight:700;\"><span class=\"vcex-heading-inner wpex-inline-block wpex-clr\">Cihan Ay\u00e7ekirdek<\/span><\/div><\/div><\/div><\/div><div class=\"wpb_column vc_column_container vc_col-sm-6\"><div class=\"vc_column-inner\"><div class=\"wpb_wrapper\">\n\t<div  class=\"wpb_single_image wpb_content_element vc_align_center\">\n\t\t\n\t\t<figure class=\"wpb_wrapper vc_figure\">\n\t\t\t<div class=\"vc_single_image-wrapper   vc_box_border_grey\"><img loading=\"lazy\" decoding=\"async\" class=\"vc_single_image-img\" src=\"https:\/\/www.gulcek.com\/wp-content\/uploads\/2021\/08\/322665387-cihan-aycekirdek-300-gr-min-300x300.png\" width=\"300\" height=\"300\" alt=\"322665387-cihan-aycekirdek-300-gr-min\" title=\"322665387-cihan-aycekirdek-300-gr-min\" \/><\/div>\n\t\t<\/figure>\n\t<\/div>\n<div class=\"vcex-spacing wpex-w-100 wpex-clear\" style=\"height:20px\"><\/div><div class=\"vcex-module vcex-heading wpex-text-2xl wpex-font-normal wpex-m-auto wpex-max-w-100 vcex-heading-plain wpex-block wpex-text-center\" style=\"color:#275304;font-size:21px;font-weight:700;\"><span class=\"vcex-heading-inner wpex-inline-block wpex-clr\">Cihan Ay\u00e7ekirdek<\/span><\/div><\/div><\/div><\/div><\/div><div class=\"vc_row wpb_row vc_row-fluid vc_custom_1491183060021 vc_column-gap-30\"><div class=\"wpb_column vc_column_container vc_col-sm-6\"><div class=\"vc_column-inner\"><div class=\"wpb_wrapper\">\n\t<div  class=\"wpb_single_image wpb_content_element vc_align_center\">\n\t\t\n\t\t<figure class=\"wpb_wrapper vc_figure\">\n\t\t\t<div class=\"vc_single_image-wrapper   vc_box_border_grey\"><img loading=\"lazy\" decoding=\"async\" class=\"vc_single_image-img\" src=\"https:\/\/www.gulcek.com\/wp-content\/uploads\/2021\/08\/322665392-cihan-aycekirdek-x-kg-min-300x300.png\" width=\"300\" height=\"300\" alt=\"322665392-cihan-aycekirdek-x-kg-min\" title=\"322665392-cihan-aycekirdek-x-kg-min\" \/><\/div>\n\t\t<\/figure>\n\t<\/div>\n<div class=\"vcex-spacing wpex-w-100 wpex-clear\" style=\"height:20px\"><\/div><div class=\"vcex-module vcex-heading wpex-text-2xl wpex-font-normal wpex-m-auto wpex-max-w-100 vcex-heading-plain wpex-block wpex-text-center\" style=\"color:#275304;font-size:21px;font-weight:700;\"><span class=\"vcex-heading-inner wpex-inline-block wpex-clr\">Cihan Ay\u00e7ekirdek<\/span><\/div><\/div><\/div><\/div><div class=\"wpb_column vc_column_container vc_col-sm-6\"><div class=\"vc_column-inner\"><div class=\"wpb_wrapper\">\n\t<div  class=\"wpb_single_image wpb_content_element vc_align_center\">\n\t\t\n\t\t<figure class=\"wpb_wrapper vc_figure\">\n\t\t\t<div class=\"vc_single_image-wrapper   vc_box_border_grey\"><img loading=\"lazy\" decoding=\"async\" class=\"vc_single_image-img\" src=\"https:\/\/www.gulcek.com\/wp-content\/uploads\/2021\/08\/322665393-cihan-aycekirdek-yesil-paket-min-300x300.png\" width=\"300\" height=\"300\" alt=\"322665393-cihan-aycekirdek-yesil-paket-min\" title=\"322665393-cihan-aycekirdek-yesil-paket-min\" \/><\/div>\n\t\t<\/figure>\n\t<\/div>\n<div class=\"vcex-spacing wpex-w-100 wpex-clear\" style=\"height:20px\"><\/div><div class=\"vcex-module vcex-heading wpex-text-2xl wpex-font-normal wpex-m-auto wpex-max-w-100 vcex-heading-plain wpex-block wpex-text-center\" style=\"color:#275304;font-size:21px;font-weight:700;\"><span class=\"vcex-heading-inner wpex-inline-block wpex-clr\">Cihan Ay\u00e7ekirdek<\/span><\/div><\/div><\/div><\/div><\/div><div class=\"vc_row wpb_row vc_row-fluid vc_custom_1491183060021 vc_column-gap-30\"><div class=\"wpb_column vc_column_container vc_col-sm-6\"><div class=\"vc_column-inner\"><div class=\"wpb_wrapper\">\n\t<div  class=\"wpb_single_image wpb_content_element vc_align_center\">\n\t\t\n\t\t<figure class=\"wpb_wrapper vc_figure\">\n\t\t\t<div class=\"vc_single_image-wrapper   vc_box_border_grey\"><img loading=\"lazy\" decoding=\"async\" class=\"vc_single_image-img\" src=\"https:\/\/www.gulcek.com\/wp-content\/uploads\/2021\/08\/322665395-cihan-kabak-cekirdegi-10-kg-min-300x300.png\" width=\"300\" height=\"300\" alt=\"322665395-cihan-kabak-cekirdegi-10-kg-min\" title=\"322665395-cihan-kabak-cekirdegi-10-kg-min\" \/><\/div>\n\t\t<\/figure>\n\t<\/div>\n<div class=\"vcex-spacing wpex-w-100 wpex-clear\" style=\"height:20px\"><\/div><div class=\"vcex-module vcex-heading wpex-text-2xl wpex-font-normal wpex-m-auto wpex-max-w-100 vcex-heading-plain wpex-block wpex-text-center\" style=\"color:#275304;font-size:21px;font-weight:700;\"><span class=\"vcex-heading-inner wpex-inline-block wpex-clr\">Cihan Ay\u00e7ekirdek<\/span><\/div><\/div><\/div><\/div><div class=\"wpb_column vc_column_container vc_col-sm-6\"><div class=\"vc_column-inner\"><div class=\"wpb_wrapper\">\n\t<div  class=\"wpb_single_image wpb_content_element vc_align_center\">\n\t\t\n\t\t<figure class=\"wpb_wrapper vc_figure\">\n\t\t\t<div class=\"vc_single_image-wrapper   vc_box_border_grey\"><img loading=\"lazy\" decoding=\"async\" class=\"vc_single_image-img\" src=\"https:\/\/www.gulcek.com\/wp-content\/uploads\/2021\/08\/322665399-cihan-kabak-cekirdegi-tuzlu-paket-min-300x300.png\" width=\"300\" height=\"300\" alt=\"322665399-cihan-kabak-cekirdegi-tuzlu-paket-min\" title=\"322665399-cihan-kabak-cekirdegi-tuzlu-paket-min\" \/><\/div>\n\t\t<\/figure>\n\t<\/div>\n<div class=\"vcex-spacing wpex-w-100 wpex-clear\" style=\"height:20px\"><\/div><div class=\"vcex-module vcex-heading wpex-text-2xl wpex-font-normal wpex-m-auto wpex-max-w-100 vcex-heading-plain wpex-block wpex-text-center\" style=\"color:#275304;font-size:21px;font-weight:700;\"><span class=\"vcex-heading-inner wpex-inline-block wpex-clr\">Cihan Ay\u00e7ekirdek<\/span><\/div><\/div><\/div><\/div><\/div><div class=\"vc_row wpb_row vc_row-fluid vc_custom_1491183060021 vc_column-gap-30\"><div class=\"wpb_column vc_column_container vc_col-sm-6\"><div class=\"vc_column-inner vc_custom_1629789891305\"><div class=\"wpb_wrapper\">\n\t<div  class=\"wpb_single_image wpb_content_element vc_align_center\">\n\t\t\n\t\t<figure class=\"wpb_wrapper vc_figure\">\n\t\t\t<div class=\"vc_single_image-wrapper   vc_box_border_grey\"><img loading=\"lazy\" decoding=\"async\" class=\"vc_single_image-img\" src=\"https:\/\/www.gulcek.com\/wp-content\/uploads\/2021\/08\/322665403-cihan-kabak-cekirdegi-tuzsuz-paket-min-300x300.png\" width=\"300\" height=\"300\" alt=\"322665403-cihan-kabak-cekirdegi-tuzsuz-paket-min\" title=\"322665403-cihan-kabak-cekirdegi-tuzsuz-paket-min\" \/><\/div>\n\t\t<\/figure>\n\t<\/div>\n<div class=\"vcex-spacing wpex-w-100 wpex-clear\" style=\"height:20px\"><\/div><div class=\"vcex-module vcex-heading wpex-text-2xl wpex-font-normal wpex-m-auto wpex-max-w-100 vcex-heading-plain wpex-block wpex-text-center\" style=\"color:#275304;font-size:21px;font-weight:700;\"><span class=\"vcex-heading-inner wpex-inline-block wpex-clr\">Cihan Ay\u00e7ekirdek<\/span><\/div><\/div><\/div><\/div><\/div>","protected":false},"excerpt":{"rendered":"Cihan Antep F\u0131st\u0131\u011f\u0131 Cihan Ay\u00e7ekirde\u011fi Paket Cihan Ay\u00e7ekirdek Cihan Ay\u00e7ekirdek Cihan Ay\u00e7ekirdek Cihan Ay\u00e7ekirdek Cihan Kabak \u00c7ekirde\u011fi Cihan Kabak \u00c7ekirde\u011fi Cihan Kabak \u00c7ekirde\u011fi","protected":false},"author":1,"featured_media":0,"parent":0,"menu_order":0,"comment_status":"closed","ping_status":"closed","template":"","meta":{"footnotes":""},"class_list":["post-562","page","type-page","status-publish","hentry","entry","no-media"],"_links":{"self":[{"href":"https:\/\/www.gulcek.com\/en\/wp-json\/wp\/v2\/pages\/562","targetHints":{"allow":["GET"]}}],"collection":[{"href":"https:\/\/www.gulcek.com\/en\/wp-json\/wp\/v2\/pages"}],"about":[{"href":"https:\/\/www.gulcek.com\/en\/wp-json\/wp\/v2\/types\/page"}],"author":[{"embeddable":true,"href":"https:\/\/www.gulcek.com\/en\/wp-json\/wp\/v2\/users\/1"}],"replies":[{"embeddable":true,"href":"https:\/\/www.gulcek.com\/en\/wp-json\/wp\/v2\/comments?post=562"}],"version-history":[{"count":8,"href":"https:\/\/www.gulcek.com\/en\/wp-json\/wp\/v2\/pages\/562\/revisions"}],"predecessor-version":[{"id":571,"href":"https:\/\/www.gulcek.com\/en\/wp-json\/wp\/v2\/pages\/562\/revisions\/571"}],"wp:attachment":[{"href":"https:\/\/www.gulcek.com\/en\/wp-json\/wp\/v2\/media?parent=562"}],"curies":[{"name":"wp","href":"https:\/\/api.w.org\/{rel}","templated":true}]}}