{"id":586,"date":"2021-08-20T19:40:42","date_gmt":"2021-08-20T19:40:42","guid":{"rendered":"http:\/\/www.monzix.xyz\/?page_id=586"},"modified":"2021-08-28T17:07:20","modified_gmt":"2021-08-28T17:07:20","slug":"gidaguvenilirligi","status":"publish","type":"page","link":"https:\/\/www.gulcek.com\/en\/gidaguvenilirligi\/","title":{"rendered":"OUR FOOD SAFETY POLICY"},"content":{"rendered":"<div class=\"vc_row wpb_row vc_row-fluid\"><div class=\"wpb_column vc_column_container vc_col-sm-12\"><div class=\"vc_column-inner\"><div class=\"wpb_wrapper\">\n\t<div class=\"wpb_text_column wpb_content_element\" >\n\t\t<div class=\"wpb_wrapper\">\n\t\t\t<p><span style=\"vertical-align: inherit;\"><span style=\"vertical-align: inherit;\"><\/p>\n\n\t\t<\/div>\n\t<\/div>\n<\/div><\/div><\/div><\/div><div class=\"vc_row wpb_row vc_row-fluid\"><div class=\"wpb_column vc_column_container vc_col-sm-6\"><div class=\"vc_column-inner\"><div class=\"wpb_wrapper\"><div class=\"vcex-spacing wpex-w-100 wpex-clear\" style=\"height:30px\"><\/div>\n\t<div  class=\"wpb_single_image wpb_content_element vc_align_\">\n\t\t\n\t\t<figure class=\"wpb_wrapper vc_figure\">\n\t\t\t<div class=\"vc_single_image-wrapper   vc_box_border_grey\"><img loading=\"lazy\" decoding=\"async\" width=\"2048\" height=\"1536\" src=\"https:\/\/www.gulcek.com\/wp-content\/uploads\/2021\/07\/WhatsApp-Image-2021-07-15-at-19.59.38.jpeg\" class=\"vc_single_image-img attachment-full\" alt=\"\" srcset=\"https:\/\/www.gulcek.com\/wp-content\/uploads\/2021\/07\/WhatsApp-Image-2021-07-15-at-19.59.38.jpeg 2048w, https:\/\/www.gulcek.com\/wp-content\/uploads\/2021\/07\/WhatsApp-Image-2021-07-15-at-19.59.38-300x225.jpeg 300w, https:\/\/www.gulcek.com\/wp-content\/uploads\/2021\/07\/WhatsApp-Image-2021-07-15-at-19.59.38-1024x768.jpeg 1024w, https:\/\/www.gulcek.com\/wp-content\/uploads\/2021\/07\/WhatsApp-Image-2021-07-15-at-19.59.38-768x576.jpeg 768w, https:\/\/www.gulcek.com\/wp-content\/uploads\/2021\/07\/WhatsApp-Image-2021-07-15-at-19.59.38-1536x1152.jpeg 1536w\" sizes=\"auto, (max-width: 2048px) 100vw, 2048px\" \/><\/div>\n\t\t<\/figure>\n\t<\/div>\n<\/div><\/div><\/div><div class=\"wpb_column vc_column_container vc_col-sm-6\"><div class=\"vc_column-inner\"><div class=\"wpb_wrapper\"><div class=\"vcex-spacing wpex-w-100 wpex-clear\" style=\"height:30px\"><\/div>\n\t<div class=\"wpb_text_column wpb_content_element\" >\n\t\t<div class=\"wpb_wrapper\">\n\t\t\t<p><\/span><\/span><\/p>\n<h1 class=\"p1\">OUR FOOD SAFETY POLICY<span class=\"Apple-converted-space\">\u00a0<\/span><\/h1>\n\n\t\t<\/div>\n\t<\/div>\n\n\t<div class=\"wpb_text_column wpb_content_element\" >\n\t\t<div class=\"wpb_wrapper\">\n\t\t\t<p>AS G\u00dcL\u00c7EK GIDA COMPANY, OUR ORGANIZATION HAS TO ADAPT TO BE THE QUALITY AND PREFERRED COMPANY IN THE PRODUCTION OF DRIED AND NUTS IN THE FOOD INDUSTRY.<\/p>\n<p>IN TERMS OF FOOD SECURITY, OUR MAIN GOAL IS TO PROVIDE FOR FOOD SAFETY IS TO PROVIDE CUSTOMER NEEDS AND EXPECTATIONS BY PRIORITIZING HUMAN HEALTH<br \/>\nENSURING THAT THE LEGAL LEGISLATION AND REQUIREMENTS WE ARE DEPENDING ON WHILE MEETING CUSTOMER EXPECTATIONS<br \/>\nENSURING CONTINUITY IN EDUCATION OF OUR EMPLOYEES<br \/>\nAIMING TO ENSURE THE USE OF ALL INTERNAL AND EXTERNAL COMMUNICATION CONDITIONS WITH OUR COMPANY IN THE FOOD INDUSTRY AND TO BE A BRAND IN CORPORATE Pistachio and Nuts,<br \/>\nENSURING CONTINUOUS DEVELOPMENT IN QUALITY FOOD AND EFFICIENCY AND ITS CONTINUITY. AS G\u00dcL\u00c7EK GIDA COMPANY, OUR ORGANIZATION HAS BECOME A QUALITY AND PREFERRED COMPANY IN THE PRODUCTION OF NUTS AND Pistachio IN THE FOOD SECTOR.<br \/>\nOUR PRIORITY GOAL FOR FOOD SAFETY IS TO PROVIDE CUSTOMER NEEDS AND EXPECTATIONS BY PRIORITIZING HUMAN HEALTH<br \/>\nENSURING THAT THE LEGAL LEGISLATION AND REQUIREMENTS WE ARE DEPENDING ON WHILE MEETING CUSTOMER EXPECTATIONS<br \/>\nENSURING CONTINUITY IN EDUCATION OF OUR EMPLOYEES<br \/>\nAIM TO ENSURE THE USE OF ALL INTERNAL AND EXTERNAL COMMUNICATION CONDITIONS WITH OUR COMPANY IN THE FOOD INDUSTRY, AND TO BE A BRAND IN CORPORATE Pistachio and Nuts, &#8211;<br \/>\nENSURING CONTINUOUS DEVELOPMENT IN QUALITY FOOD AND EFFICIENCY.<\/p>\n<p>&nbsp;<\/p>\n<p>GENERAL MANAGER 01.05.2020<\/p>\n\n\t\t<\/div>\n\t<\/div>\n<\/div><\/div><\/div><\/div><div class=\"vc_row wpb_row vc_row-fluid\"><div class=\"wpb_column vc_column_container vc_col-sm-12\"><div class=\"vc_column-inner\"><div class=\"wpb_wrapper\">\n\t<div class=\"wpb_text_column wpb_content_element\" >\n\t\t<div class=\"wpb_wrapper\">\n\t\t\t\n\t\t<\/div>\n\t<\/div>\n<\/div><\/div><\/div><\/div>","protected":false},"excerpt":{"rendered":"GIDA G\u00dcVEN\u0130RL\u0130\u011e\u0130 POL\u0130T\u0130KAMIZ\u00a0 AS G\u00dcL\u00c7EK GIDA COMPANY, OUR ORGANIZATION HAS TO ADAPT TO BE THE QUALITY AND PREFERRED COMPANY IN THE PRODUCTION OF DRIED AND NUTS IN THE FOOD INDUSTRY. IN TERMS OF FOOD SECURITY, OUR MAIN GOAL IS TO&hellip;","protected":false},"author":1,"featured_media":0,"parent":0,"menu_order":0,"comment_status":"closed","ping_status":"closed","template":"templates\/no-sidebar.php","meta":{"footnotes":""},"class_list":["post-586","page","type-page","status-publish","hentry","entry","no-media"],"_links":{"self":[{"href":"https:\/\/www.gulcek.com\/en\/wp-json\/wp\/v2\/pages\/586","targetHints":{"allow":["GET"]}}],"collection":[{"href":"https:\/\/www.gulcek.com\/en\/wp-json\/wp\/v2\/pages"}],"about":[{"href":"https:\/\/www.gulcek.com\/en\/wp-json\/wp\/v2\/types\/page"}],"author":[{"embeddable":true,"href":"https:\/\/www.gulcek.com\/en\/wp-json\/wp\/v2\/users\/1"}],"replies":[{"embeddable":true,"href":"https:\/\/www.gulcek.com\/en\/wp-json\/wp\/v2\/comments?post=586"}],"version-history":[{"count":9,"href":"https:\/\/www.gulcek.com\/en\/wp-json\/wp\/v2\/pages\/586\/revisions"}],"predecessor-version":[{"id":648,"href":"https:\/\/www.gulcek.com\/en\/wp-json\/wp\/v2\/pages\/586\/revisions\/648"}],"wp:attachment":[{"href":"https:\/\/www.gulcek.com\/en\/wp-json\/wp\/v2\/media?parent=586"}],"curies":[{"name":"wp","href":"https:\/\/api.w.org\/{rel}","templated":true}]}}